{"id":2542,"date":"2025-05-12T11:20:31","date_gmt":"2025-05-12T11:20:31","guid":{"rendered":"https:\/\/wechefbcn.com\/?page_id=2542"},"modified":"2026-03-04T10:33:15","modified_gmt":"2026-03-04T10:33:15","slug":"paella-and-tapas-recipes","status":"publish","type":"page","link":"https:\/\/wechefbcn.com\/es\/paella-and-tapas-recipes\/","title":{"rendered":"Recetas"},"content":{"rendered":"<h1>Descarga nuestras recetas de Paella y tapas para Probar en Casa<\/h1>\n<h1>Prueba nuestras aut\u00e9nticas recetas de paella y tapas espa\u00f1olas de nuestras clases de cocina en Barcelona<\/h1>\n<p>Lleva los sabores de Espa\u00f1a a tu cocina con nuestra colecci\u00f3n de recetas tradicionales de paella y tapas, directamente de nuestras actividades pr\u00e1cticas de cocina en Barcelona. Ya sea que se te antoje una rica paella de carne y verduras o una variedad de tapas cl\u00e1sicas espa\u00f1olas, nuestras recetas, probadas por expertos, se pueden descargar gratis y son f\u00e1ciles de seguir. Perfectas para amantes de la gastronom\u00eda, cocineros caseros o cualquiera que quiera recrear la magia de la cocina espa\u00f1ola en casa.<\/p>\n<p>\t\t\t\t<a href=\"https:\/\/drive.google.com\/file\/d\/144zVXUU85xPtD7CkyuZlqwtHO7e7fITh\/view\" target=\"_blank\" tabindex=\"-1\" aria-label=\"Recetas de clase de paella\"><br \/>\n\t\t\t\t<svg aria-hidden=\"true\" viewbox=\"0 0 384 512\" xmlns=\"http:\/\/www.w3.org\/2000\/svg\"><path d=\"M369.9 97.9L286 14C277 5 264.8-.1 252.1-.1H48C21.5 0 0 21.5 0 48v416c0 26.5 21.5 48 48 48h288c26.5 0 48-21.5 48-48V131.9c0-12.7-5.1-25-14.1-34zM332.1 128H256V51.9l76.1 76.1zM48 464V48h160v104c0 13.3 10.7 24 24 24h104v288H48zm250.2-143.7c-12.2-12-47-8.7-64.4-6.5-17.2-10.5-28.7-25-36.8-46.3 3.9-16.1 10.1-40.6 5.4-56-4.2-26.2-37.8-23.6-42.6-5.9-4.4 16.1-.4 38.5 7 67.1-10 23.9-24.9 56-35.4 74.4-20 10.3-47 26.2-51 46.2-3.3 15.8 26 55.2 76.1-31.2 22.4-7.4 46.8-16.5 68.4-20.1 18.9 10.2 41 17 55.8 17 25.5 0 28-28.2 17.5-38.7zm-198.1 77.8c5.1-13.7 24.5-29.5 30.4-35-19 30.3-30.4 35.7-30.4 35zm81.6-190.6c7.4 0 6.7 32.1 1.8 40.8-4.4-13.9-4.3-40.8-1.8-40.8zm-24.4 136.6c9.7-16.9 18-37 24.7-54.7 8.3 15.1 18.9 27.2 30.1 35.5-20.8 4.3-38.9 13.1-54.8 19.2zm131.6-5s-5 6-37.3-7.8c35.1-2.6 40.9 5.4 37.3 7.8z\"><\/path><\/svg>\t\t\t\t<\/a><\/p>\n<h3>\n\t\t\t\t\t\t<a href=\"https:\/\/drive.google.com\/file\/d\/144zVXUU85xPtD7CkyuZlqwtHO7e7fITh\/view\" target=\"_blank\" ><br \/>\n\t\t\t\t\t\t\tRecetas de clase de paella\t\t\t\t\t\t<\/a><br \/>\n\t\t\t\t\t<\/h3>\n<p>\t\t\t\t<a href=\"https:\/\/drive.google.com\/file\/d\/0B2XaMVsRNGvHaVBzWUhuMGo0bXc\/view?resourcekey=0-8QgfHSZhbqeL923akyZdIA\" target=\"_blank\" tabindex=\"-1\" aria-label=\"Receta de paella de carne y verduras\"><br \/>\n\t\t\t\t<svg aria-hidden=\"true\" viewbox=\"0 0 384 512\" xmlns=\"http:\/\/www.w3.org\/2000\/svg\"><path d=\"M369.9 97.9L286 14C277 5 264.8-.1 252.1-.1H48C21.5 0 0 21.5 0 48v416c0 26.5 21.5 48 48 48h288c26.5 0 48-21.5 48-48V131.9c0-12.7-5.1-25-14.1-34zM332.1 128H256V51.9l76.1 76.1zM48 464V48h160v104c0 13.3 10.7 24 24 24h104v288H48zm250.2-143.7c-12.2-12-47-8.7-64.4-6.5-17.2-10.5-28.7-25-36.8-46.3 3.9-16.1 10.1-40.6 5.4-56-4.2-26.2-37.8-23.6-42.6-5.9-4.4 16.1-.4 38.5 7 67.1-10 23.9-24.9 56-35.4 74.4-20 10.3-47 26.2-51 46.2-3.3 15.8 26 55.2 76.1-31.2 22.4-7.4 46.8-16.5 68.4-20.1 18.9 10.2 41 17 55.8 17 25.5 0 28-28.2 17.5-38.7zm-198.1 77.8c5.1-13.7 24.5-29.5 30.4-35-19 30.3-30.4 35.7-30.4 35zm81.6-190.6c7.4 0 6.7 32.1 1.8 40.8-4.4-13.9-4.3-40.8-1.8-40.8zm-24.4 136.6c9.7-16.9 18-37 24.7-54.7 8.3 15.1 18.9 27.2 30.1 35.5-20.8 4.3-38.9 13.1-54.8 19.2zm131.6-5s-5 6-37.3-7.8c35.1-2.6 40.9 5.4 37.3 7.8z\"><\/path><\/svg>\t\t\t\t<\/a><\/p>\n<h3>\n\t\t\t\t\t\t<a href=\"https:\/\/drive.google.com\/file\/d\/0B2XaMVsRNGvHaVBzWUhuMGo0bXc\/view?resourcekey=0-8QgfHSZhbqeL923akyZdIA\" target=\"_blank\" ><br \/>\n\t\t\t\t\t\t\tReceta de paella de carne y verduras\t\t\t\t\t\t<\/a><br \/>\n\t\t\t\t\t<\/h3>\n<p>\t\t\t\t<a href=\"https:\/\/drive.google.com\/drive\/folders\/16mZa6JdH8gq-uxNvheNyLY7BRmlITlZM\" target=\"_blank\" tabindex=\"-1\" aria-label=\"Recetas de tapas\"><br \/>\n\t\t\t\t<svg aria-hidden=\"true\" viewbox=\"0 0 384 512\" xmlns=\"http:\/\/www.w3.org\/2000\/svg\"><path d=\"M369.9 97.9L286 14C277 5 264.8-.1 252.1-.1H48C21.5 0 0 21.5 0 48v416c0 26.5 21.5 48 48 48h288c26.5 0 48-21.5 48-48V131.9c0-12.7-5.1-25-14.1-34zM332.1 128H256V51.9l76.1 76.1zM48 464V48h160v104c0 13.3 10.7 24 24 24h104v288H48zm250.2-143.7c-12.2-12-47-8.7-64.4-6.5-17.2-10.5-28.7-25-36.8-46.3 3.9-16.1 10.1-40.6 5.4-56-4.2-26.2-37.8-23.6-42.6-5.9-4.4 16.1-.4 38.5 7 67.1-10 23.9-24.9 56-35.4 74.4-20 10.3-47 26.2-51 46.2-3.3 15.8 26 55.2 76.1-31.2 22.4-7.4 46.8-16.5 68.4-20.1 18.9 10.2 41 17 55.8 17 25.5 0 28-28.2 17.5-38.7zm-198.1 77.8c5.1-13.7 24.5-29.5 30.4-35-19 30.3-30.4 35.7-30.4 35zm81.6-190.6c7.4 0 6.7 32.1 1.8 40.8-4.4-13.9-4.3-40.8-1.8-40.8zm-24.4 136.6c9.7-16.9 18-37 24.7-54.7 8.3 15.1 18.9 27.2 30.1 35.5-20.8 4.3-38.9 13.1-54.8 19.2zm131.6-5s-5 6-37.3-7.8c35.1-2.6 40.9 5.4 37.3 7.8z\"><\/path><\/svg>\t\t\t\t<\/a><\/p>\n<h3>\n\t\t\t\t\t\t<a href=\"https:\/\/drive.google.com\/drive\/folders\/16mZa6JdH8gq-uxNvheNyLY7BRmlITlZM\" target=\"_blank\" ><br \/>\n\t\t\t\t\t\t\tRecetas de tapas\t\t\t\t\t\t<\/a><br \/>\n\t\t\t\t\t<\/h3>\n<h2>Discover Barcelona\u2019s Best Kitchen Lofts<\/h2>\n<p>See our stunning and fully-equipped locations, perfect for interactive corporate cooking and dining experiences.<\/p>\n<p>\t\t\t\t\t<a role=\"button\"><br \/>\n\t\t\t\t\t\t\t\t\tSee Locations<br \/>\n\t\t\t\t\t<\/a><\/p>","protected":false},"excerpt":{"rendered":"<p>Download our Paella and tapas recipes to Try at Home Try our Authentic Spanish Paella and Tapas Recipes from Our Cooking Classes in Barcelona Bring the flavors of Spain into your own kitchen with our collection of traditional Paella and Tapas recipes \u2014 straight from our hands-on cooking activities in Barcelona. Whether you&#8217;re craving a [&hellip;]<\/p>\n","protected":false},"author":2,"featured_media":0,"parent":0,"menu_order":0,"comment_status":"closed","ping_status":"closed","template":"","meta":{"footnotes":""},"class_list":["post-2542","page","type-page","status-publish","hentry"],"yoast_head":"<!-- This site is optimized with the Yoast SEO plugin v27.4 - https:\/\/yoast.com\/product\/yoast-seo-wordpress\/ -->\n<title>Spanish cooking recipes | We Chef BCN<\/title>\n<meta name=\"description\" content=\"Discover Spanish cooking recipes in Barcelona. Learn step by step tapas, paellas and traditional dishes full of flavor.\" \/>\n<meta name=\"robots\" content=\"index, follow, max-snippet:-1, max-image-preview:large, max-video-preview:-1\" \/>\n<link rel=\"canonical\" href=\"https:\/\/wechefbcn.com\/es\/paella-and-tapas-recipes\/\" \/>\n<meta property=\"og:locale\" content=\"es_ES\" \/>\n<meta property=\"og:type\" content=\"article\" \/>\n<meta property=\"og:title\" content=\"Spanish cooking recipes | We Chef BCN\" \/>\n<meta property=\"og:description\" content=\"Discover Spanish cooking recipes in Barcelona. Learn step by step tapas, paellas and traditional dishes full of flavor.\" \/>\n<meta property=\"og:url\" content=\"https:\/\/wechefbcn.com\/es\/paella-and-tapas-recipes\/\" \/>\n<meta property=\"og:site_name\" content=\"We Chef Barcelona\" \/>\n<meta property=\"article:publisher\" content=\"https:\/\/www.facebook.com\/profile.php?id=61555835577407&amp;locale=es_ES\" \/>\n<meta property=\"article:modified_time\" content=\"2026-03-04T10:33:15+00:00\" \/>\n<meta property=\"og:image\" content=\"https:\/\/wechefbcn.com\/wp-content\/uploads\/2025\/04\/tapas-competition-wechef-09.jpg\" \/>\n\t<meta property=\"og:image:width\" content=\"1000\" \/>\n\t<meta property=\"og:image:height\" content=\"667\" \/>\n\t<meta property=\"og:image:type\" content=\"image\/jpeg\" \/>\n<meta name=\"twitter:card\" content=\"summary_large_image\" \/>\n<meta name=\"twitter:label1\" content=\"Tiempo de lectura\" \/>\n\t<meta name=\"twitter:data1\" content=\"1 minuto\" \/>\n<script type=\"application\/ld+json\" class=\"yoast-schema-graph\">{\"@context\":\"https:\\\/\\\/schema.org\",\"@graph\":[{\"@type\":\"WebPage\",\"@id\":\"https:\\\/\\\/wechefbcn.com\\\/paella-and-tapas-recipes\\\/\",\"url\":\"https:\\\/\\\/wechefbcn.com\\\/paella-and-tapas-recipes\\\/\",\"name\":\"Spanish cooking recipes | We Chef BCN\",\"isPartOf\":{\"@id\":\"https:\\\/\\\/wechefbcn.com\\\/#website\"},\"datePublished\":\"2025-05-12T11:20:31+00:00\",\"dateModified\":\"2026-03-04T10:33:15+00:00\",\"description\":\"Discover Spanish cooking recipes in Barcelona. Learn step by step tapas, paellas and traditional dishes full of flavor.\",\"breadcrumb\":{\"@id\":\"https:\\\/\\\/wechefbcn.com\\\/paella-and-tapas-recipes\\\/#breadcrumb\"},\"inLanguage\":\"es\",\"potentialAction\":[{\"@type\":\"ReadAction\",\"target\":[\"https:\\\/\\\/wechefbcn.com\\\/paella-and-tapas-recipes\\\/\"]}]},{\"@type\":\"BreadcrumbList\",\"@id\":\"https:\\\/\\\/wechefbcn.com\\\/paella-and-tapas-recipes\\\/#breadcrumb\",\"itemListElement\":[{\"@type\":\"ListItem\",\"position\":1,\"name\":\"Home\",\"item\":\"https:\\\/\\\/wechefbcn.com\\\/\"},{\"@type\":\"ListItem\",\"position\":2,\"name\":\"Recipes\"}]},{\"@type\":\"WebSite\",\"@id\":\"https:\\\/\\\/wechefbcn.com\\\/#website\",\"url\":\"https:\\\/\\\/wechefbcn.com\\\/\",\"name\":\"We Chef Barcelona\",\"description\":\"Creative Culinary Team Building Workshops\",\"publisher\":{\"@id\":\"https:\\\/\\\/wechefbcn.com\\\/#organization\"},\"potentialAction\":[{\"@type\":\"SearchAction\",\"target\":{\"@type\":\"EntryPoint\",\"urlTemplate\":\"https:\\\/\\\/wechefbcn.com\\\/?s={search_term_string}\"},\"query-input\":{\"@type\":\"PropertyValueSpecification\",\"valueRequired\":true,\"valueName\":\"search_term_string\"}}],\"inLanguage\":\"es\"},{\"@type\":\"Organization\",\"@id\":\"https:\\\/\\\/wechefbcn.com\\\/#organization\",\"name\":\"We Chef Barcelona\",\"url\":\"https:\\\/\\\/wechefbcn.com\\\/\",\"logo\":{\"@type\":\"ImageObject\",\"inLanguage\":\"es\",\"@id\":\"https:\\\/\\\/wechefbcn.com\\\/#\\\/schema\\\/logo\\\/image\\\/\",\"url\":\"https:\\\/\\\/wechefbcn.com\\\/wp-content\\\/uploads\\\/2020\\\/12\\\/cropped-wechef-site-icon.png\",\"contentUrl\":\"https:\\\/\\\/wechefbcn.com\\\/wp-content\\\/uploads\\\/2020\\\/12\\\/cropped-wechef-site-icon.png\",\"width\":512,\"height\":512,\"caption\":\"We Chef Barcelona\"},\"image\":{\"@id\":\"https:\\\/\\\/wechefbcn.com\\\/#\\\/schema\\\/logo\\\/image\\\/\"},\"sameAs\":[\"https:\\\/\\\/www.facebook.com\\\/profile.php?id=61555835577407&locale=es_ES\",\"https:\\\/\\\/www.instagram.com\\\/wechefbcn\\\/\"]}]}<\/script>\n<!-- \/ Yoast SEO plugin. -->","yoast_head_json":{"title":"Spanish cooking recipes | We Chef BCN","description":"Discover Spanish cooking recipes in Barcelona. Learn step by step tapas, paellas and traditional dishes full of flavor.","robots":{"index":"index","follow":"follow","max-snippet":"max-snippet:-1","max-image-preview":"max-image-preview:large","max-video-preview":"max-video-preview:-1"},"canonical":"https:\/\/wechefbcn.com\/es\/paella-and-tapas-recipes\/","og_locale":"es_ES","og_type":"article","og_title":"Spanish cooking recipes | We Chef BCN","og_description":"Discover Spanish cooking recipes in Barcelona. Learn step by step tapas, paellas and traditional dishes full of flavor.","og_url":"https:\/\/wechefbcn.com\/es\/paella-and-tapas-recipes\/","og_site_name":"We Chef Barcelona","article_publisher":"https:\/\/www.facebook.com\/profile.php?id=61555835577407&locale=es_ES","article_modified_time":"2026-03-04T10:33:15+00:00","og_image":[{"width":1000,"height":667,"url":"https:\/\/wechefbcn.com\/wp-content\/uploads\/2025\/04\/tapas-competition-wechef-09.jpg","type":"image\/jpeg"}],"twitter_card":"summary_large_image","twitter_misc":{"Tiempo de lectura":"1 minuto"},"schema":{"@context":"https:\/\/schema.org","@graph":[{"@type":"WebPage","@id":"https:\/\/wechefbcn.com\/paella-and-tapas-recipes\/","url":"https:\/\/wechefbcn.com\/paella-and-tapas-recipes\/","name":"Spanish cooking recipes | We Chef BCN","isPartOf":{"@id":"https:\/\/wechefbcn.com\/#website"},"datePublished":"2025-05-12T11:20:31+00:00","dateModified":"2026-03-04T10:33:15+00:00","description":"Discover Spanish cooking recipes in Barcelona. Learn step by step tapas, paellas and traditional dishes full of flavor.","breadcrumb":{"@id":"https:\/\/wechefbcn.com\/paella-and-tapas-recipes\/#breadcrumb"},"inLanguage":"es","potentialAction":[{"@type":"ReadAction","target":["https:\/\/wechefbcn.com\/paella-and-tapas-recipes\/"]}]},{"@type":"BreadcrumbList","@id":"https:\/\/wechefbcn.com\/paella-and-tapas-recipes\/#breadcrumb","itemListElement":[{"@type":"ListItem","position":1,"name":"Home","item":"https:\/\/wechefbcn.com\/"},{"@type":"ListItem","position":2,"name":"Recipes"}]},{"@type":"WebSite","@id":"https:\/\/wechefbcn.com\/#website","url":"https:\/\/wechefbcn.com\/","name":"Nosotros Chef Barcelona","description":"Talleres creativos de formaci\u00f3n de equipos culinarios","publisher":{"@id":"https:\/\/wechefbcn.com\/#organization"},"potentialAction":[{"@type":"SearchAction","target":{"@type":"EntryPoint","urlTemplate":"https:\/\/wechefbcn.com\/?s={search_term_string}"},"query-input":{"@type":"PropertyValueSpecification","valueRequired":true,"valueName":"search_term_string"}}],"inLanguage":"es"},{"@type":"Organization","@id":"https:\/\/wechefbcn.com\/#organization","name":"Nosotros Chef Barcelona","url":"https:\/\/wechefbcn.com\/","logo":{"@type":"ImageObject","inLanguage":"es","@id":"https:\/\/wechefbcn.com\/#\/schema\/logo\/image\/","url":"https:\/\/wechefbcn.com\/wp-content\/uploads\/2020\/12\/cropped-wechef-site-icon.png","contentUrl":"https:\/\/wechefbcn.com\/wp-content\/uploads\/2020\/12\/cropped-wechef-site-icon.png","width":512,"height":512,"caption":"We Chef Barcelona"},"image":{"@id":"https:\/\/wechefbcn.com\/#\/schema\/logo\/image\/"},"sameAs":["https:\/\/www.facebook.com\/profile.php?id=61555835577407&locale=es_ES","https:\/\/www.instagram.com\/wechefbcn\/"]}]}},"_links":{"self":[{"href":"https:\/\/wechefbcn.com\/es\/wp-json\/wp\/v2\/pages\/2542","targetHints":{"allow":["GET"]}}],"collection":[{"href":"https:\/\/wechefbcn.com\/es\/wp-json\/wp\/v2\/pages"}],"about":[{"href":"https:\/\/wechefbcn.com\/es\/wp-json\/wp\/v2\/types\/page"}],"author":[{"embeddable":true,"href":"https:\/\/wechefbcn.com\/es\/wp-json\/wp\/v2\/users\/2"}],"replies":[{"embeddable":true,"href":"https:\/\/wechefbcn.com\/es\/wp-json\/wp\/v2\/comments?post=2542"}],"version-history":[{"count":56,"href":"https:\/\/wechefbcn.com\/es\/wp-json\/wp\/v2\/pages\/2542\/revisions"}],"predecessor-version":[{"id":3763,"href":"https:\/\/wechefbcn.com\/es\/wp-json\/wp\/v2\/pages\/2542\/revisions\/3763"}],"wp:attachment":[{"href":"https:\/\/wechefbcn.com\/es\/wp-json\/wp\/v2\/media?parent=2542"}],"curies":[{"name":"gracias","href":"https:\/\/api.w.org\/{rel}","templated":true}]}}