{"id":2629,"date":"2025-05-13T14:12:32","date_gmt":"2025-05-13T14:12:32","guid":{"rendered":"https:\/\/wechefbcn.com\/?page_id=2629"},"modified":"2025-08-25T10:03:22","modified_gmt":"2025-08-25T10:03:22","slug":"contact","status":"publish","type":"page","link":"https:\/\/wechefbcn.com\/es\/contact\/","title":{"rendered":"Contacto"},"content":{"rendered":"\t\t<div data-elementor-type=\"wp-page\" data-elementor-id=\"2629\" class=\"elementor elementor-2629\" data-elementor-post-type=\"page\">\n\t\t\t\t<div class=\"elementor-element elementor-element-2669399d e-con-full e-flex e-con e-parent\" data-id=\"2669399d\" data-element_type=\"container\" data-e-type=\"container\" data-settings=\"{&quot;background_background&quot;:&quot;classic&quot;}\">\n\t\t<div class=\"elementor-element elementor-element-2aa1105d e-con-full e-flex e-con e-child\" data-id=\"2aa1105d\" data-element_type=\"container\" data-e-type=\"container\" data-settings=\"{&quot;background_background&quot;:&quot;classic&quot;}\">\n\t\t\t\t<div class=\"elementor-element elementor-element-b899d7f elementor-invisible elementor-widget elementor-widget-heading\" data-id=\"b899d7f\" data-element_type=\"widget\" data-e-type=\"widget\" data-settings=\"{&quot;_animation&quot;:&quot;fadeInUp&quot;}\" data-widget_type=\"heading.default\">\n\t\t\t\t<div class=\"elementor-widget-container\">\n\t\t\t\t\t<h1 class=\"elementor-heading-title elementor-size-default\">Contact us<\/h1>\t\t\t\t<\/div>\n\t\t\t\t<\/div>\n\t\t\t\t<div class=\"elementor-element elementor-element-53919ad1 elementor-invisible elementor-widget elementor-widget-heading\" data-id=\"53919ad1\" data-element_type=\"widget\" data-e-type=\"widget\" data-settings=\"{&quot;_animation&quot;:&quot;fadeInUp&quot;,&quot;_animation_delay&quot;:200}\" data-widget_type=\"heading.default\">\n\t\t\t\t<div class=\"elementor-widget-container\">\n\t\t\t\t\t<p class=\"elementor-heading-title elementor-size-default\">Contact us for a quote for your Paella or Tapas team Building activity and schedule your next team building activity with us. We are happy to answer any questions you may have about our activities locations and services. We will send you a full quote and presentation for our services as soon as possible.<\/p>\t\t\t\t<\/div>\n\t\t\t\t<\/div>\n\t\t\t\t<div class=\"elementor-element elementor-element-73af856 elementor-invisible elementor-widget elementor-widget-heading\" data-id=\"73af856\" data-element_type=\"widget\" data-e-type=\"widget\" data-settings=\"{&quot;_animation&quot;:&quot;fadeInUp&quot;,&quot;_animation_delay&quot;:200}\" data-widget_type=\"heading.default\">\n\t\t\t\t<div class=\"elementor-widget-container\">\n\t\t\t\t\t<h2 class=\"elementor-heading-title elementor-size-default\">Call us:<\/h2>\t\t\t\t<\/div>\n\t\t\t\t<\/div>\n\t\t\t\t<div class=\"elementor-element elementor-element-4913983 elementor-invisible elementor-widget elementor-widget-button\" data-id=\"4913983\" data-element_type=\"widget\" data-e-type=\"widget\" data-settings=\"{&quot;_animation&quot;:&quot;fadeInUp&quot;,&quot;_animation_delay&quot;:200}\" data-widget_type=\"button.default\">\n\t\t\t\t<div class=\"elementor-widget-container\">\n\t\t\t\t\t\t\t\t\t<div class=\"elementor-button-wrapper\">\n\t\t\t\t\t<a class=\"elementor-button elementor-button-link elementor-size-sm\" href=\"tel:+34600757551\">\n\t\t\t\t\t\t<span class=\"elementor-button-content-wrapper\">\n\t\t\t\t\t\t\t\t\t<span class=\"elementor-button-text\">(34) 600 757 551<\/span>\n\t\t\t\t\t<\/span>\n\t\t\t\t\t<\/a>\n\t\t\t\t<\/div>\n\t\t\t\t\t\t\t\t<\/div>\n\t\t\t\t<\/div>\n\t\t\t\t<div class=\"elementor-element elementor-element-e8d626b elementor-invisible elementor-widget elementor-widget-heading\" data-id=\"e8d626b\" data-element_type=\"widget\" data-e-type=\"widget\" data-settings=\"{&quot;_animation&quot;:&quot;fadeInUp&quot;,&quot;_animation_delay&quot;:200}\" data-widget_type=\"heading.default\">\n\t\t\t\t<div class=\"elementor-widget-container\">\n\t\t\t\t\t<h2 class=\"elementor-heading-title elementor-size-default\">Write us:<\/h2>\t\t\t\t<\/div>\n\t\t\t\t<\/div>\n\t\t\t\t<div class=\"elementor-element elementor-element-3fce36f elementor-invisible elementor-widget elementor-widget-button\" data-id=\"3fce36f\" data-element_type=\"widget\" data-e-type=\"widget\" data-settings=\"{&quot;_animation&quot;:&quot;fadeInUp&quot;,&quot;_animation_delay&quot;:200}\" data-widget_type=\"button.default\">\n\t\t\t\t<div class=\"elementor-widget-container\">\n\t\t\t\t\t\t\t\t\t<div class=\"elementor-button-wrapper\">\n\t\t\t\t\t<a class=\"elementor-button elementor-button-link elementor-size-sm\" href=\"mailto:info@wechefbcn.com\">\n\t\t\t\t\t\t<span class=\"elementor-button-content-wrapper\">\n\t\t\t\t\t\t\t\t\t<span class=\"elementor-button-text\">info@wechefbcn.com<\/span>\n\t\t\t\t\t<\/span>\n\t\t\t\t\t<\/a>\n\t\t\t\t<\/div>\n\t\t\t\t\t\t\t\t<\/div>\n\t\t\t\t<\/div>\n\t\t\t\t<\/div>\n\t\t<div class=\"elementor-element elementor-element-9e3adab e-con-full e-flex e-con e-child\" data-id=\"9e3adab\" data-element_type=\"container\" data-e-type=\"container\" data-settings=\"{&quot;background_background&quot;:&quot;classic&quot;}\">\n\t\t\t\t<div class=\"elementor-element elementor-element-232189b0 elementor-button-align-start elementor-tablet-button-align-center elementor-widget elementor-widget-form\" data-id=\"232189b0\" data-element_type=\"widget\" data-e-type=\"widget\" data-settings=\"{&quot;step_next_label&quot;:&quot;Next&quot;,&quot;step_previous_label&quot;:&quot;Previous&quot;,&quot;button_width&quot;:&quot;100&quot;,&quot;step_type&quot;:&quot;number_text&quot;,&quot;step_icon_shape&quot;:&quot;circle&quot;}\" data-widget_type=\"form.default\">\n\t\t\t\t<div class=\"elementor-widget-container\">\n\t\t\t\t\t\t\t<form class=\"elementor-form\" method=\"post\" name=\"Contact Form\" aria-label=\"Contact Form\">\n\t\t\t<input type=\"hidden\" name=\"post_id\" value=\"2629\"\/>\n\t\t\t<input type=\"hidden\" name=\"form_id\" value=\"232189b0\"\/>\n\t\t\t<input type=\"hidden\" name=\"referer_title\" value=\"Contact us about team building activities in Barcelona\" \/>\n\n\t\t\t\t\t\t\t<input type=\"hidden\" name=\"queried_id\" value=\"2629\"\/>\n\t\t\t\n\t\t\t<div class=\"elementor-form-fields-wrapper elementor-labels-\">\n\t\t\t\t\t\t\t\t<div class=\"elementor-field-type-text elementor-field-group elementor-column elementor-field-group-name elementor-col-50 elementor-field-required\">\n\t\t\t\t\t\t\t\t\t\t\t\t<label for=\"form-field-name\" class=\"elementor-field-label elementor-screen-only\">\n\t\t\t\t\t\t\t\tYour Name\t\t\t\t\t\t\t<\/label>\n\t\t\t\t\t\t\t\t\t\t\t\t\t\t<input size=\"1\" type=\"text\" name=\"form_fields[name]\" id=\"form-field-name\" class=\"elementor-field elementor-size-lg  elementor-field-textual\" placeholder=\"Your Name*\" required=\"required\">\n\t\t\t\t\t\t\t\t\t\t\t<\/div>\n\t\t\t\t\t\t\t\t<div class=\"elementor-field-type-email elementor-field-group elementor-column elementor-field-group-email elementor-col-50 elementor-field-required\">\n\t\t\t\t\t\t\t\t\t\t\t\t<label for=\"form-field-email\" class=\"elementor-field-label elementor-screen-only\">\n\t\t\t\t\t\t\t\tEmail\t\t\t\t\t\t\t<\/label>\n\t\t\t\t\t\t\t\t\t\t\t\t\t\t<input size=\"1\" type=\"email\" name=\"form_fields[email]\" id=\"form-field-email\" class=\"elementor-field elementor-size-lg  elementor-field-textual\" placeholder=\"Email*\" required=\"required\">\n\t\t\t\t\t\t\t\t\t\t\t<\/div>\n\t\t\t\t\t\t\t\t<div class=\"elementor-field-type-text elementor-field-group elementor-column elementor-field-group-field_b743cd7 elementor-col-100\">\n\t\t\t\t\t\t\t\t\t\t\t\t<label for=\"form-field-field_b743cd7\" class=\"elementor-field-label elementor-screen-only\">\n\t\t\t\t\t\t\t\tSubject\t\t\t\t\t\t\t<\/label>\n\t\t\t\t\t\t\t\t\t\t\t\t\t\t<input size=\"1\" type=\"text\" name=\"form_fields[field_b743cd7]\" id=\"form-field-field_b743cd7\" class=\"elementor-field elementor-size-lg  elementor-field-textual\" placeholder=\"Subject\">\n\t\t\t\t\t\t\t\t\t\t\t<\/div>\n\t\t\t\t\t\t\t\t<div class=\"elementor-field-type-textarea elementor-field-group elementor-column elementor-field-group-message elementor-col-100\">\n\t\t\t\t\t\t\t\t\t\t\t\t<label for=\"form-field-message\" class=\"elementor-field-label elementor-screen-only\">\n\t\t\t\t\t\t\t\tMessage\t\t\t\t\t\t\t<\/label>\n\t\t\t\t\t\t<textarea class=\"elementor-field-textual elementor-field  elementor-size-lg\" name=\"form_fields[message]\" id=\"form-field-message\" rows=\"4\" placeholder=\"Message\"><\/textarea>\t\t\t\t<\/div>\n\t\t\t\t\t\t\t\t<div class=\"elementor-field-type-recaptcha_v3 elementor-field-group elementor-column elementor-field-group-field_66ad2e1 elementor-col-100 recaptcha_v3-bottomright\">\n\t\t\t\t\t<div class=\"elementor-field\" id=\"form-field-field_66ad2e1\"><div class=\"elementor-g-recaptcha\" data-sitekey=\"6LccdrErAAAAAETp8RTh0HhtPivkWNrjKC-DjY0I\" data-type=\"v3\" data-action=\"Form\" data-badge=\"bottomright\" data-size=\"invisible\"><\/div><\/div>\t\t\t\t<\/div>\n\t\t\t\t\t\t\t\t<div class=\"elementor-field-group elementor-column elementor-field-type-submit elementor-col-100 e-form__buttons\">\n\t\t\t\t\t<button class=\"elementor-button elementor-size-sm\" type=\"submit\">\n\t\t\t\t\t\t<span class=\"elementor-button-content-wrapper\">\n\t\t\t\t\t\t\t\t\t\t\t\t\t\t\t\t\t\t\t\t\t\t<span class=\"elementor-button-text\">Submit<\/span>\n\t\t\t\t\t\t\t\t\t\t\t\t\t<\/span>\n\t\t\t\t\t<\/button>\n\t\t\t\t<\/div>\n\t\t\t<\/div>\n\t\t<\/form>\n\t\t\t\t\t\t<\/div>\n\t\t\t\t<\/div>\n\t\t\t\t<\/div>\n\t\t\t\t<\/div>\n\t\t<div class=\"elementor-element elementor-element-1d79c8e e-flex e-con-boxed e-con e-parent\" data-id=\"1d79c8e\" data-element_type=\"container\" data-e-type=\"container\" data-settings=\"{&quot;background_background&quot;:&quot;classic&quot;,&quot;background_motion_fx_motion_fx_scrolling&quot;:&quot;yes&quot;,&quot;background_motion_fx_translateY_effect&quot;:&quot;yes&quot;,&quot;background_motion_fx_translateY_speed&quot;:{&quot;unit&quot;:&quot;px&quot;,&quot;size&quot;:4,&quot;sizes&quot;:[]},&quot;background_motion_fx_translateY_affectedRange&quot;:{&quot;unit&quot;:&quot;%&quot;,&quot;size&quot;:&quot;&quot;,&quot;sizes&quot;:{&quot;start&quot;:0,&quot;end&quot;:100}},&quot;background_motion_fx_devices&quot;:[&quot;desktop&quot;,&quot;tablet&quot;,&quot;mobile&quot;]}\">\n\t\t\t\t\t<div class=\"e-con-inner\">\n\t\t\t\t\t<\/div>\n\t\t\t\t<\/div>\n\t\t\t\t<\/div>\n\t\t","protected":false},"excerpt":{"rendered":"<p>Contact us Contact us for a quote for your Paella or Tapas team Building activity and schedule your next team building activity with us. We are happy to answer any questions you may have about our activities locations and services. We will send you a full quote and presentation for our services as soon as [&hellip;]<\/p>\n","protected":false},"author":2,"featured_media":790,"parent":0,"menu_order":0,"comment_status":"closed","ping_status":"closed","template":"","meta":{"footnotes":""},"class_list":["post-2629","page","type-page","status-publish","has-post-thumbnail","hentry"],"yoast_head":"<!-- This site is optimized with the Yoast SEO plugin v27.4 - https:\/\/yoast.com\/product\/yoast-seo-wordpress\/ -->\n<title>Contact us about team building activities in Barcelona<\/title>\n<meta name=\"description\" content=\"Email us for more information about our Paella and Tapas Team Building activities In Barcelona. Get a full proposal with full details today.\" \/>\n<meta name=\"robots\" content=\"index, follow, max-snippet:-1, max-image-preview:large, max-video-preview:-1\" \/>\n<link rel=\"canonical\" href=\"https:\/\/wechefbcn.com\/es\/contact\/\" \/>\n<meta property=\"og:locale\" content=\"es_ES\" \/>\n<meta property=\"og:type\" content=\"article\" \/>\n<meta property=\"og:title\" content=\"Contact us about team building activities in Barcelona\" \/>\n<meta property=\"og:description\" content=\"Email us for more information about our Paella and Tapas Team Building activities In Barcelona. Get a full proposal with full details today.\" \/>\n<meta property=\"og:url\" content=\"https:\/\/wechefbcn.com\/es\/contact\/\" \/>\n<meta property=\"og:site_name\" content=\"We Chef Barcelona\" \/>\n<meta property=\"article:publisher\" content=\"https:\/\/www.facebook.com\/profile.php?id=61555835577407&amp;locale=es_ES\" \/>\n<meta property=\"article:modified_time\" content=\"2025-08-25T10:03:22+00:00\" \/>\n<meta property=\"og:image\" content=\"https:\/\/wechefbcn.com\/wp-content\/uploads\/2020\/12\/wechef-site-icon.png\" \/>\n\t<meta property=\"og:image:width\" content=\"512\" \/>\n\t<meta property=\"og:image:height\" content=\"512\" \/>\n\t<meta property=\"og:image:type\" content=\"image\/png\" \/>\n<meta name=\"twitter:card\" content=\"summary_large_image\" \/>\n<meta name=\"twitter:label1\" content=\"Tiempo de lectura\" \/>\n\t<meta name=\"twitter:data1\" content=\"1 minuto\" \/>\n<script type=\"application\/ld+json\" class=\"yoast-schema-graph\">{\"@context\":\"https:\\\/\\\/schema.org\",\"@graph\":[{\"@type\":\"WebPage\",\"@id\":\"https:\\\/\\\/wechefbcn.com\\\/contact\\\/\",\"url\":\"https:\\\/\\\/wechefbcn.com\\\/contact\\\/\",\"name\":\"Contact us about team building activities in Barcelona\",\"isPartOf\":{\"@id\":\"https:\\\/\\\/wechefbcn.com\\\/#website\"},\"primaryImageOfPage\":{\"@id\":\"https:\\\/\\\/wechefbcn.com\\\/contact\\\/#primaryimage\"},\"image\":{\"@id\":\"https:\\\/\\\/wechefbcn.com\\\/contact\\\/#primaryimage\"},\"thumbnailUrl\":\"https:\\\/\\\/wechefbcn.com\\\/wp-content\\\/uploads\\\/2020\\\/12\\\/wechef-site-icon.png\",\"datePublished\":\"2025-05-13T14:12:32+00:00\",\"dateModified\":\"2025-08-25T10:03:22+00:00\",\"description\":\"Email us for more information about our Paella and Tapas Team Building activities In Barcelona. Get a full proposal with full details today.\",\"breadcrumb\":{\"@id\":\"https:\\\/\\\/wechefbcn.com\\\/contact\\\/#breadcrumb\"},\"inLanguage\":\"es\",\"potentialAction\":[{\"@type\":\"ReadAction\",\"target\":[\"https:\\\/\\\/wechefbcn.com\\\/contact\\\/\"]}]},{\"@type\":\"ImageObject\",\"inLanguage\":\"es\",\"@id\":\"https:\\\/\\\/wechefbcn.com\\\/contact\\\/#primaryimage\",\"url\":\"https:\\\/\\\/wechefbcn.com\\\/wp-content\\\/uploads\\\/2020\\\/12\\\/wechef-site-icon.png\",\"contentUrl\":\"https:\\\/\\\/wechefbcn.com\\\/wp-content\\\/uploads\\\/2020\\\/12\\\/wechef-site-icon.png\",\"width\":512,\"height\":512,\"caption\":\"We chef Barcelona specializes in Paella and Tapas activities for team building workshops\"},{\"@type\":\"BreadcrumbList\",\"@id\":\"https:\\\/\\\/wechefbcn.com\\\/contact\\\/#breadcrumb\",\"itemListElement\":[{\"@type\":\"ListItem\",\"position\":1,\"name\":\"Home\",\"item\":\"https:\\\/\\\/wechefbcn.com\\\/\"},{\"@type\":\"ListItem\",\"position\":2,\"name\":\"Contact\"}]},{\"@type\":\"WebSite\",\"@id\":\"https:\\\/\\\/wechefbcn.com\\\/#website\",\"url\":\"https:\\\/\\\/wechefbcn.com\\\/\",\"name\":\"We Chef Barcelona\",\"description\":\"Creative Culinary Team Building Workshops\",\"publisher\":{\"@id\":\"https:\\\/\\\/wechefbcn.com\\\/#organization\"},\"potentialAction\":[{\"@type\":\"SearchAction\",\"target\":{\"@type\":\"EntryPoint\",\"urlTemplate\":\"https:\\\/\\\/wechefbcn.com\\\/?s={search_term_string}\"},\"query-input\":{\"@type\":\"PropertyValueSpecification\",\"valueRequired\":true,\"valueName\":\"search_term_string\"}}],\"inLanguage\":\"es\"},{\"@type\":\"Organization\",\"@id\":\"https:\\\/\\\/wechefbcn.com\\\/#organization\",\"name\":\"We Chef Barcelona\",\"url\":\"https:\\\/\\\/wechefbcn.com\\\/\",\"logo\":{\"@type\":\"ImageObject\",\"inLanguage\":\"es\",\"@id\":\"https:\\\/\\\/wechefbcn.com\\\/#\\\/schema\\\/logo\\\/image\\\/\",\"url\":\"https:\\\/\\\/wechefbcn.com\\\/wp-content\\\/uploads\\\/2020\\\/12\\\/cropped-wechef-site-icon.png\",\"contentUrl\":\"https:\\\/\\\/wechefbcn.com\\\/wp-content\\\/uploads\\\/2020\\\/12\\\/cropped-wechef-site-icon.png\",\"width\":512,\"height\":512,\"caption\":\"We Chef Barcelona\"},\"image\":{\"@id\":\"https:\\\/\\\/wechefbcn.com\\\/#\\\/schema\\\/logo\\\/image\\\/\"},\"sameAs\":[\"https:\\\/\\\/www.facebook.com\\\/profile.php?id=61555835577407&locale=es_ES\",\"https:\\\/\\\/www.instagram.com\\\/wechefbcn\\\/\"]}]}<\/script>\n<!-- \/ Yoast SEO plugin. -->","yoast_head_json":{"title":"Cont\u00e1ctanos sobre actividades de team building en Barcelona","description":"Cont\u00e1ctanos para m\u00e1s informaci\u00f3n sobre nuestras actividades de team building de paella y tapas en Barcelona. Recibe hoy mismo una propuesta completa con todos los detalles.","robots":{"index":"index","follow":"follow","max-snippet":"max-snippet:-1","max-image-preview":"max-image-preview:large","max-video-preview":"max-video-preview:-1"},"canonical":"https:\/\/wechefbcn.com\/es\/contact\/","og_locale":"es_ES","og_type":"article","og_title":"Contact us about team building activities in Barcelona","og_description":"Email us for more information about our Paella and Tapas Team Building activities In Barcelona. Get a full proposal with full details today.","og_url":"https:\/\/wechefbcn.com\/es\/contact\/","og_site_name":"We Chef Barcelona","article_publisher":"https:\/\/www.facebook.com\/profile.php?id=61555835577407&locale=es_ES","article_modified_time":"2025-08-25T10:03:22+00:00","og_image":[{"width":512,"height":512,"url":"https:\/\/wechefbcn.com\/wp-content\/uploads\/2020\/12\/wechef-site-icon.png","type":"image\/png"}],"twitter_card":"summary_large_image","twitter_misc":{"Tiempo de lectura":"1 minuto"},"schema":{"@context":"https:\/\/schema.org","@graph":[{"@type":"WebPage","@id":"https:\/\/wechefbcn.com\/contact\/","url":"https:\/\/wechefbcn.com\/contact\/","name":"Cont\u00e1ctanos sobre actividades de team building en Barcelona","isPartOf":{"@id":"https:\/\/wechefbcn.com\/#website"},"primaryImageOfPage":{"@id":"https:\/\/wechefbcn.com\/contact\/#primaryimage"},"image":{"@id":"https:\/\/wechefbcn.com\/contact\/#primaryimage"},"thumbnailUrl":"https:\/\/wechefbcn.com\/wp-content\/uploads\/2020\/12\/wechef-site-icon.png","datePublished":"2025-05-13T14:12:32+00:00","dateModified":"2025-08-25T10:03:22+00:00","description":"Cont\u00e1ctanos para m\u00e1s informaci\u00f3n sobre nuestras actividades de team building de paella y tapas en Barcelona. Recibe hoy mismo una propuesta completa con todos los detalles.","breadcrumb":{"@id":"https:\/\/wechefbcn.com\/contact\/#breadcrumb"},"inLanguage":"es","potentialAction":[{"@type":"ReadAction","target":["https:\/\/wechefbcn.com\/contact\/"]}]},{"@type":"ImageObject","inLanguage":"es","@id":"https:\/\/wechefbcn.com\/contact\/#primaryimage","url":"https:\/\/wechefbcn.com\/wp-content\/uploads\/2020\/12\/wechef-site-icon.png","contentUrl":"https:\/\/wechefbcn.com\/wp-content\/uploads\/2020\/12\/wechef-site-icon.png","width":512,"height":512,"caption":"We chef Barcelona specializes in Paella and Tapas activities for team building workshops"},{"@type":"BreadcrumbList","@id":"https:\/\/wechefbcn.com\/contact\/#breadcrumb","itemListElement":[{"@type":"ListItem","position":1,"name":"Home","item":"https:\/\/wechefbcn.com\/"},{"@type":"ListItem","position":2,"name":"Contact"}]},{"@type":"WebSite","@id":"https:\/\/wechefbcn.com\/#website","url":"https:\/\/wechefbcn.com\/","name":"Nosotros Chef Barcelona","description":"Talleres creativos de formaci\u00f3n de equipos culinarios","publisher":{"@id":"https:\/\/wechefbcn.com\/#organization"},"potentialAction":[{"@type":"SearchAction","target":{"@type":"EntryPoint","urlTemplate":"https:\/\/wechefbcn.com\/?s={search_term_string}"},"query-input":{"@type":"PropertyValueSpecification","valueRequired":true,"valueName":"search_term_string"}}],"inLanguage":"es"},{"@type":"Organization","@id":"https:\/\/wechefbcn.com\/#organization","name":"Nosotros Chef Barcelona","url":"https:\/\/wechefbcn.com\/","logo":{"@type":"ImageObject","inLanguage":"es","@id":"https:\/\/wechefbcn.com\/#\/schema\/logo\/image\/","url":"https:\/\/wechefbcn.com\/wp-content\/uploads\/2020\/12\/cropped-wechef-site-icon.png","contentUrl":"https:\/\/wechefbcn.com\/wp-content\/uploads\/2020\/12\/cropped-wechef-site-icon.png","width":512,"height":512,"caption":"We Chef Barcelona"},"image":{"@id":"https:\/\/wechefbcn.com\/#\/schema\/logo\/image\/"},"sameAs":["https:\/\/www.facebook.com\/profile.php?id=61555835577407&locale=es_ES","https:\/\/www.instagram.com\/wechefbcn\/"]}]}},"_links":{"self":[{"href":"https:\/\/wechefbcn.com\/es\/wp-json\/wp\/v2\/pages\/2629","targetHints":{"allow":["GET"]}}],"collection":[{"href":"https:\/\/wechefbcn.com\/es\/wp-json\/wp\/v2\/pages"}],"about":[{"href":"https:\/\/wechefbcn.com\/es\/wp-json\/wp\/v2\/types\/page"}],"author":[{"embeddable":true,"href":"https:\/\/wechefbcn.com\/es\/wp-json\/wp\/v2\/users\/2"}],"replies":[{"embeddable":true,"href":"https:\/\/wechefbcn.com\/es\/wp-json\/wp\/v2\/comments?post=2629"}],"version-history":[{"count":105,"href":"https:\/\/wechefbcn.com\/es\/wp-json\/wp\/v2\/pages\/2629\/revisions"}],"predecessor-version":[{"id":3290,"href":"https:\/\/wechefbcn.com\/es\/wp-json\/wp\/v2\/pages\/2629\/revisions\/3290"}],"wp:featuredmedia":[{"embeddable":true,"href":"https:\/\/wechefbcn.com\/es\/wp-json\/wp\/v2\/media\/790"}],"wp:attachment":[{"href":"https:\/\/wechefbcn.com\/es\/wp-json\/wp\/v2\/media?parent=2629"}],"curies":[{"name":"gracias","href":"https:\/\/api.w.org\/{rel}","templated":true}]}}