{"id":2768,"date":"2025-05-12T14:55:27","date_gmt":"2025-05-12T14:55:27","guid":{"rendered":"https:\/\/wechefbcn.com\/?page_id=2768"},"modified":"2026-02-25T09:41:51","modified_gmt":"2026-02-25T09:41:51","slug":"privacy-policy-and-gdpr","status":"publish","type":"page","link":"https:\/\/wechefbcn.com\/es\/privacy-policy-and-gdpr\/","title":{"rendered":"Pol\u00edtica de privacidad y RGPD"},"content":{"rendered":"<div data-elementor-type=\"wp-page\" data-elementor-id=\"2768\" class=\"elementor elementor-2768\" data-elementor-post-type=\"page\">\n\t\t\t\t<div class=\"elementor-element elementor-element-19545c55 e-flex e-con-boxed e-con e-parent\" data-id=\"19545c55\" data-element_type=\"container\" data-e-type=\"container\" data-settings=\"{&quot;background_background&quot;:&quot;classic&quot;}\">\n\t\t\t\t\t<div class=\"e-con-inner\">\n\t\t<div class=\"elementor-element elementor-element-40c8cf6 e-con-full e-flex e-con e-child\" data-id=\"40c8cf6\" data-element_type=\"container\" data-e-type=\"container\">\n\t\t\t\t<div class=\"elementor-element elementor-element-b899d7f elementor-widget elementor-widget-heading\" data-id=\"b899d7f\" data-element_type=\"widget\" data-e-type=\"widget\" data-settings=\"{&quot;_animation&quot;:&quot;none&quot;}\" data-widget_type=\"heading.default\">\n\t\t\t\t<div class=\"elementor-widget-container\">\n\t\t\t\t\t<h1 class=\"elementor-heading-title elementor-size-default\">Pol\u00edtica de privacidad y RGPD\n<\/h1>\t\t\t\t<\/div>\n\t\t\t\t<\/div>\n\t\t\t\t<div class=\"elementor-element elementor-element-0ba34f0 elementor-widget elementor-widget-text-editor\" data-id=\"0ba34f0\" data-element_type=\"widget\" data-e-type=\"widget\" data-widget_type=\"text-editor.default\">\n\t\t\t\t<div class=\"elementor-widget-container\">\n\t\t\t\t\t\t\t\t\t<p>Esta Pol\u00edtica de privacidad describe c\u00f3mo se recopila, utiliza y comparte su informaci\u00f3n personal cuando visita www.wechefbcn.com (el \u201cSitio\u201d).<\/p>\n<h5>Informaci\u00f3n personal que recopilamos<\/h5>\n<p>Cuando visita el Sitio, recopilamos autom\u00e1ticamente cierta informaci\u00f3n sobre su dispositivo, incluyendo informaci\u00f3n sobre su navegador web, direcci\u00f3n IP, zona horaria y algunas cookies instaladas en su dispositivo. Adem\u00e1s, mientras navega por el Sitio, recopilamos informaci\u00f3n sobre las p\u00e1ginas web o productos que visita, los sitios web o t\u00e9rminos de b\u00fasqueda que lo redireccionaron al Sitio e informaci\u00f3n sobre c\u00f3mo interact\u00faa con \u00e9l. A esta informaci\u00f3n recopilada autom\u00e1ticamente la denominamos &quot;Informaci\u00f3n del Dispositivo&quot;.<\/p>\n<h5>Recopilamos informaci\u00f3n del dispositivo utilizando las siguientes tecnolog\u00edas:<\/h5>\n<p>Los \u201carchivos de registro\u201d rastrean las acciones que ocurren en el Sitio y recopilan datos que incluyen su direcci\u00f3n IP, tipo de navegador, proveedor de servicios de Internet, p\u00e1ginas de referencia\/salida y marcas de fecha\/hora.<\/p>\n<p>Las \u201cbalizas web\u201d, las \u201cetiquetas\u201d y los \u201cp\u00edxeles\u201d son archivos electr\u00f3nicos que se utilizan para registrar informaci\u00f3n sobre c\u00f3mo navega por el Sitio.<\/p>\n<p>El \u201cFormulario de Contacto\u201d es parte de nuestro sitio y se utiliza para recopilar informaci\u00f3n del usuario para que podamos procesar pedidos y comunicar mensajes a clientes potenciales interesados en utilizar nuestros servicios.<br>Cuando hablamos de \u201cInformaci\u00f3n personal\u201d en esta Pol\u00edtica de privacidad, nos referimos tanto a la Informaci\u00f3n del dispositivo como a la Informaci\u00f3n del pedido.<\/p>\n<h5>\u00bfC\u00f3mo utilizamos su informaci\u00f3n personal?<\/h5>\n<p>Utilizamos la informaci\u00f3n del dispositivo que recopilamos para ayudarnos a detectar posibles riesgos y fraudes (en particular, su direcci\u00f3n IP) y, de forma m\u00e1s general, para mejorar y optimizar nuestro sitio (por ejemplo, generando an\u00e1lisis sobre c\u00f3mo nuestros clientes navegan e interact\u00faan con el sitio, y para evaluar el \u00e9xito de nuestras campa\u00f1as de marketing y publicidad).<\/p>\n<h5>Compartir su informaci\u00f3n personal<\/h5>\n<p>Tambi\u00e9n utilizamos Google Analytics para comprender c\u00f3mo nuestros clientes utilizan el Sitio. Puede obtener m\u00e1s informaci\u00f3n sobre c\u00f3mo Google utiliza su informaci\u00f3n personal aqu\u00ed: https:\/\/www.google.com\/intl\/en\/policies\/privacy\/. Tambi\u00e9n puede desactivar Google Analytics aqu\u00ed: https:\/\/tools.google.com\/dlpage\/gaoptout.<br>Por \u00faltimo, tambi\u00e9n podemos compartir su informaci\u00f3n personal para cumplir con las leyes y regulaciones aplicables, para responder a una citaci\u00f3n, orden de allanamiento u otra solicitud legal de informaci\u00f3n que recibamos, o para proteger nuestros derechos.<br>Puede optar por no recibir publicidad dirigida mediante:<br>Sending us an email at info@wechefbcn.com<br>Adem\u00e1s, puede optar por no participar en algunos de estos servicios visitando el portal de exclusi\u00f3n voluntaria de Digital Advertising Alliance en: http:\/\/optout.aboutads.info\/.<\/p>\n<h5>No rastrear<\/h5>\n<p>Tenga en cuenta que no modificamos las pr\u00e1cticas de recopilaci\u00f3n y uso de datos de nuestro Sitio cuando vemos una se\u00f1al de No rastrear desde su navegador.<\/p>\n<h5>Sus derechos<\/h5>\n<p>Si reside en Europa, tiene derecho a acceder a la informaci\u00f3n personal que conservamos sobre usted y a solicitar su correcci\u00f3n, actualizaci\u00f3n o eliminaci\u00f3n. Si desea ejercer este derecho, cont\u00e1ctenos a trav\u00e9s de la informaci\u00f3n de contacto que aparece a continuaci\u00f3n.<\/p>\n<p>Adem\u00e1s, si reside en Europa, le informamos que procesamos su informaci\u00f3n para cumplir con los contratos que tengamos con usted (por ejemplo, si realiza un pedido a trav\u00e9s del Sitio) o para perseguir nuestros intereses comerciales leg\u00edtimos mencionados anteriormente. Adem\u00e1s, tenga en cuenta que su informaci\u00f3n se transferir\u00e1 fuera de Europa, incluyendo a Canad\u00e1 y Estados Unidos.<\/p>\n<h5>Retenci\u00f3n de datos<\/h5>\n<p>Cuando realiza un pedido a trav\u00e9s del Sitio, mantendremos su Informaci\u00f3n de pedido en nuestros registros a menos que y hasta que nos solicite que eliminemos dicha informaci\u00f3n.<\/p>\n<h5>Cambios<\/h5>\n<p>Es posible que actualicemos esta pol\u00edtica de privacidad de vez en cuando para reflejar, por ejemplo, cambios en nuestras pr\u00e1cticas o por otras razones operativas, legales o regulatorias.<\/p>\n<h5>Cont\u00e1ctenos<\/h5>\n<p>For more information about our privacy practices, if you have questions, or if you would like to make a complaint, please contact us by e-mail at info@wechefbcn.com or by mail using the details provided below:<br>C\/ Diputacio 320 5-B, Barcelona, 08009, Spain<\/p>\t\t\t\t\t\t\t\t<\/div>\n\t\t\t\t<\/div>\n\t\t\t\t<\/div>\n\t\t\t\t\t<\/div>\n\t\t\t\t<\/div>\n\t\t\t\t<\/div>","protected":false},"excerpt":{"rendered":"<p>Privacy Policy and GDPR This Privacy Policy describes how your personal information is collected, used, and shared when you visit www.wechefbcn.com (the \u201cSite\u201d). Personal Information We Collect When you visit the Site, we automatically collect certain information about your device, including information about your web browser, IP address, time zone, and some of the cookies [&hellip;]<\/p>\n","protected":false},"author":2,"featured_media":0,"parent":0,"menu_order":0,"comment_status":"closed","ping_status":"closed","template":"","meta":{"footnotes":""},"class_list":["post-2768","page","type-page","status-publish","hentry"],"yoast_head":"<!-- This site is optimized with the Yoast SEO plugin v27.4 - https:\/\/yoast.com\/product\/yoast-seo-wordpress\/ -->\n<title>Privacy Policy and GDPR - We Chef Barcelona<\/title>\n<meta name=\"robots\" content=\"index, follow, max-snippet:-1, max-image-preview:large, max-video-preview:-1\" \/>\n<link rel=\"canonical\" href=\"https:\/\/wechefbcn.com\/es\/privacy-policy-and-gdpr\/\" \/>\n<meta property=\"og:locale\" content=\"es_ES\" \/>\n<meta property=\"og:type\" content=\"article\" \/>\n<meta property=\"og:title\" content=\"Privacy Policy and GDPR - We Chef Barcelona\" \/>\n<meta property=\"og:description\" content=\"Privacy Policy and GDPR This Privacy Policy describes how your personal information is collected, used, and shared when you visit www.wechefbcn.com (the \u201cSite\u201d). Personal Information We Collect When you visit the Site, we automatically collect certain information about your device, including information about your web browser, IP address, time zone, and some of the cookies [&hellip;]\" \/>\n<meta property=\"og:url\" content=\"https:\/\/wechefbcn.com\/es\/privacy-policy-and-gdpr\/\" \/>\n<meta property=\"og:site_name\" content=\"We Chef Barcelona\" \/>\n<meta property=\"article:publisher\" content=\"https:\/\/www.facebook.com\/profile.php?id=61555835577407&amp;locale=es_ES\" \/>\n<meta property=\"article:modified_time\" content=\"2026-02-25T09:41:51+00:00\" \/>\n<meta property=\"og:image\" content=\"https:\/\/wechefbcn.com\/wp-content\/uploads\/2025\/04\/tapas-competition-wechef-09.jpg\" \/>\n\t<meta property=\"og:image:width\" content=\"1000\" \/>\n\t<meta property=\"og:image:height\" content=\"667\" \/>\n\t<meta property=\"og:image:type\" content=\"image\/jpeg\" \/>\n<meta name=\"twitter:card\" content=\"summary_large_image\" \/>\n<meta name=\"twitter:label1\" content=\"Tiempo de lectura\" \/>\n\t<meta name=\"twitter:data1\" content=\"3 minutos\" \/>\n<script type=\"application\/ld+json\" class=\"yoast-schema-graph\">{\"@context\":\"https:\\\/\\\/schema.org\",\"@graph\":[{\"@type\":\"WebPage\",\"@id\":\"https:\\\/\\\/wechefbcn.com\\\/privacy-policy-and-gdpr\\\/\",\"url\":\"https:\\\/\\\/wechefbcn.com\\\/privacy-policy-and-gdpr\\\/\",\"name\":\"Privacy Policy and GDPR - We Chef Barcelona\",\"isPartOf\":{\"@id\":\"https:\\\/\\\/wechefbcn.com\\\/#website\"},\"datePublished\":\"2025-05-12T14:55:27+00:00\",\"dateModified\":\"2026-02-25T09:41:51+00:00\",\"breadcrumb\":{\"@id\":\"https:\\\/\\\/wechefbcn.com\\\/privacy-policy-and-gdpr\\\/#breadcrumb\"},\"inLanguage\":\"es\",\"potentialAction\":[{\"@type\":\"ReadAction\",\"target\":[\"https:\\\/\\\/wechefbcn.com\\\/privacy-policy-and-gdpr\\\/\"]}]},{\"@type\":\"BreadcrumbList\",\"@id\":\"https:\\\/\\\/wechefbcn.com\\\/privacy-policy-and-gdpr\\\/#breadcrumb\",\"itemListElement\":[{\"@type\":\"ListItem\",\"position\":1,\"name\":\"Home\",\"item\":\"https:\\\/\\\/wechefbcn.com\\\/\"},{\"@type\":\"ListItem\",\"position\":2,\"name\":\"Privacy Policy and GDPR\"}]},{\"@type\":\"WebSite\",\"@id\":\"https:\\\/\\\/wechefbcn.com\\\/#website\",\"url\":\"https:\\\/\\\/wechefbcn.com\\\/\",\"name\":\"We Chef Barcelona\",\"description\":\"Creative Culinary Team Building Workshops\",\"publisher\":{\"@id\":\"https:\\\/\\\/wechefbcn.com\\\/#organization\"},\"potentialAction\":[{\"@type\":\"SearchAction\",\"target\":{\"@type\":\"EntryPoint\",\"urlTemplate\":\"https:\\\/\\\/wechefbcn.com\\\/?s={search_term_string}\"},\"query-input\":{\"@type\":\"PropertyValueSpecification\",\"valueRequired\":true,\"valueName\":\"search_term_string\"}}],\"inLanguage\":\"es\"},{\"@type\":\"Organization\",\"@id\":\"https:\\\/\\\/wechefbcn.com\\\/#organization\",\"name\":\"We Chef Barcelona\",\"url\":\"https:\\\/\\\/wechefbcn.com\\\/\",\"logo\":{\"@type\":\"ImageObject\",\"inLanguage\":\"es\",\"@id\":\"https:\\\/\\\/wechefbcn.com\\\/#\\\/schema\\\/logo\\\/image\\\/\",\"url\":\"https:\\\/\\\/wechefbcn.com\\\/wp-content\\\/uploads\\\/2020\\\/12\\\/cropped-wechef-site-icon.png\",\"contentUrl\":\"https:\\\/\\\/wechefbcn.com\\\/wp-content\\\/uploads\\\/2020\\\/12\\\/cropped-wechef-site-icon.png\",\"width\":512,\"height\":512,\"caption\":\"We Chef Barcelona\"},\"image\":{\"@id\":\"https:\\\/\\\/wechefbcn.com\\\/#\\\/schema\\\/logo\\\/image\\\/\"},\"sameAs\":[\"https:\\\/\\\/www.facebook.com\\\/profile.php?id=61555835577407&locale=es_ES\",\"https:\\\/\\\/www.instagram.com\\\/wechefbcn\\\/\"]}]}<\/script>\n<!-- \/ Yoast SEO plugin. -->","yoast_head_json":{"title":"Privacy Policy and GDPR - We Chef Barcelona","robots":{"index":"index","follow":"follow","max-snippet":"max-snippet:-1","max-image-preview":"max-image-preview:large","max-video-preview":"max-video-preview:-1"},"canonical":"https:\/\/wechefbcn.com\/es\/privacy-policy-and-gdpr\/","og_locale":"es_ES","og_type":"article","og_title":"Privacy Policy and GDPR - We Chef Barcelona","og_description":"Privacy Policy and GDPR This Privacy Policy describes how your personal information is collected, used, and shared when you visit www.wechefbcn.com (the \u201cSite\u201d). Personal Information We Collect When you visit the Site, we automatically collect certain information about your device, including information about your web browser, IP address, time zone, and some of the cookies [&hellip;]","og_url":"https:\/\/wechefbcn.com\/es\/privacy-policy-and-gdpr\/","og_site_name":"We Chef Barcelona","article_publisher":"https:\/\/www.facebook.com\/profile.php?id=61555835577407&locale=es_ES","article_modified_time":"2026-02-25T09:41:51+00:00","og_image":[{"width":1000,"height":667,"url":"https:\/\/wechefbcn.com\/wp-content\/uploads\/2025\/04\/tapas-competition-wechef-09.jpg","type":"image\/jpeg"}],"twitter_card":"summary_large_image","twitter_misc":{"Tiempo de lectura":"3 minutos"},"schema":{"@context":"https:\/\/schema.org","@graph":[{"@type":"WebPage","@id":"https:\/\/wechefbcn.com\/privacy-policy-and-gdpr\/","url":"https:\/\/wechefbcn.com\/privacy-policy-and-gdpr\/","name":"Privacy Policy and GDPR - We Chef Barcelona","isPartOf":{"@id":"https:\/\/wechefbcn.com\/#website"},"datePublished":"2025-05-12T14:55:27+00:00","dateModified":"2026-02-25T09:41:51+00:00","breadcrumb":{"@id":"https:\/\/wechefbcn.com\/privacy-policy-and-gdpr\/#breadcrumb"},"inLanguage":"es","potentialAction":[{"@type":"ReadAction","target":["https:\/\/wechefbcn.com\/privacy-policy-and-gdpr\/"]}]},{"@type":"BreadcrumbList","@id":"https:\/\/wechefbcn.com\/privacy-policy-and-gdpr\/#breadcrumb","itemListElement":[{"@type":"ListItem","position":1,"name":"Home","item":"https:\/\/wechefbcn.com\/"},{"@type":"ListItem","position":2,"name":"Privacy Policy and GDPR"}]},{"@type":"WebSite","@id":"https:\/\/wechefbcn.com\/#website","url":"https:\/\/wechefbcn.com\/","name":"Nosotros Chef Barcelona","description":"Talleres creativos de formaci\u00f3n de equipos culinarios","publisher":{"@id":"https:\/\/wechefbcn.com\/#organization"},"potentialAction":[{"@type":"SearchAction","target":{"@type":"EntryPoint","urlTemplate":"https:\/\/wechefbcn.com\/?s={search_term_string}"},"query-input":{"@type":"PropertyValueSpecification","valueRequired":true,"valueName":"search_term_string"}}],"inLanguage":"es"},{"@type":"Organization","@id":"https:\/\/wechefbcn.com\/#organization","name":"Nosotros Chef Barcelona","url":"https:\/\/wechefbcn.com\/","logo":{"@type":"ImageObject","inLanguage":"es","@id":"https:\/\/wechefbcn.com\/#\/schema\/logo\/image\/","url":"https:\/\/wechefbcn.com\/wp-content\/uploads\/2020\/12\/cropped-wechef-site-icon.png","contentUrl":"https:\/\/wechefbcn.com\/wp-content\/uploads\/2020\/12\/cropped-wechef-site-icon.png","width":512,"height":512,"caption":"We Chef Barcelona"},"image":{"@id":"https:\/\/wechefbcn.com\/#\/schema\/logo\/image\/"},"sameAs":["https:\/\/www.facebook.com\/profile.php?id=61555835577407&locale=es_ES","https:\/\/www.instagram.com\/wechefbcn\/"]}]}},"_links":{"self":[{"href":"https:\/\/wechefbcn.com\/es\/wp-json\/wp\/v2\/pages\/2768","targetHints":{"allow":["GET"]}}],"collection":[{"href":"https:\/\/wechefbcn.com\/es\/wp-json\/wp\/v2\/pages"}],"about":[{"href":"https:\/\/wechefbcn.com\/es\/wp-json\/wp\/v2\/types\/page"}],"author":[{"embeddable":true,"href":"https:\/\/wechefbcn.com\/es\/wp-json\/wp\/v2\/users\/2"}],"replies":[{"embeddable":true,"href":"https:\/\/wechefbcn.com\/es\/wp-json\/wp\/v2\/comments?post=2768"}],"version-history":[{"count":32,"href":"https:\/\/wechefbcn.com\/es\/wp-json\/wp\/v2\/pages\/2768\/revisions"}],"predecessor-version":[{"id":3827,"href":"https:\/\/wechefbcn.com\/es\/wp-json\/wp\/v2\/pages\/2768\/revisions\/3827"}],"wp:attachment":[{"href":"https:\/\/wechefbcn.com\/es\/wp-json\/wp\/v2\/media?parent=2768"}],"curies":[{"name":"gracias","href":"https:\/\/api.w.org\/{rel}","templated":true}]}}